{"id":60,"date":"2024-08-09T09:48:44","date_gmt":"2024-08-09T09:48:44","guid":{"rendered":"https:\/\/www.thrifty.fr\/blog\/?page_id=60"},"modified":"2024-10-16T08:49:25","modified_gmt":"2024-10-16T08:49:25","slug":"evenement","status":"publish","type":"page","link":"https:\/\/www.thrifty.fr\/blog\/evenement\/","title":{"rendered":"\u00c9v\u00e9nements"},"content":{"rendered":"","protected":false},"excerpt":{"rendered":"","protected":false},"author":3,"featured_media":0,"parent":0,"menu_order":0,"comment_status":"closed","ping_status":"closed","template":"template-events.php","meta":{"footnotes":""},"yoast_head":"<!-- This site is optimized with the Yoast SEO plugin v21.6 - https:\/\/yoast.com\/wordpress\/plugins\/seo\/ -->\n<title>Thrifty Car Rental - Voiture pour \u00e9v\u00e9nements en france<\/title>\n<meta name=\"description\" content=\"Faites le choix de la location de voiture avec Thrifty Car Rental pour assister aux grands \u00e9v\u00e9nements du mois de ??? en France en cette ann\u00e9e des Jeux olympiques \u00e0 Paris.\" \/>\n<meta name=\"robots\" content=\"index, follow, max-snippet:-1, max-image-preview:large, max-video-preview:-1\" \/>\n<link rel=\"canonical\" href=\"https:\/\/www.thrifty.fr\/blog\/evenement\/\" \/>\n<meta property=\"og:locale\" content=\"fr_FR\" \/>\n<meta property=\"og:type\" content=\"article\" \/>\n<meta property=\"og:title\" content=\"Thrifty Car Rental - Voiture pour \u00e9v\u00e9nements en france\" \/>\n<meta property=\"og:description\" content=\"Faites le choix de la location de voiture avec Thrifty Car Rental pour assister aux grands \u00e9v\u00e9nements du mois de ??? en France en cette ann\u00e9e des Jeux olympiques \u00e0 Paris.\" \/>\n<meta property=\"og:url\" content=\"https:\/\/www.thrifty.fr\/blog\/evenement\/\" \/>\n<meta property=\"og:site_name\" content=\"Thrifty FR\" \/>\n<meta property=\"article:modified_time\" content=\"2024-10-16T08:49:25+00:00\" \/>\n<meta name=\"twitter:card\" content=\"summary_large_image\" \/>\n<script type=\"application\/ld+json\" class=\"yoast-schema-graph\">{\"@context\":\"https:\/\/schema.org\",\"@graph\":[{\"@type\":\"WebPage\",\"@id\":\"https:\/\/www.thrifty.fr\/blog\/evenement\/\",\"url\":\"https:\/\/www.thrifty.fr\/blog\/evenement\/\",\"name\":\"Thrifty Car Rental - Voiture pour \u00e9v\u00e9nements en france\",\"isPartOf\":{\"@id\":\"https:\/\/www.thrifty.fr\/blog\/#website\"},\"datePublished\":\"2024-08-09T09:48:44+00:00\",\"dateModified\":\"2024-10-16T08:49:25+00:00\",\"description\":\"Faites le choix de la location de voiture avec Thrifty Car Rental pour assister aux grands \u00e9v\u00e9nements du mois de ??? en France en cette ann\u00e9e des Jeux olympiques \u00e0 Paris.\",\"breadcrumb\":{\"@id\":\"https:\/\/www.thrifty.fr\/blog\/evenement\/#breadcrumb\"},\"inLanguage\":\"en-US\",\"potentialAction\":[{\"@type\":\"ReadAction\",\"target\":[\"https:\/\/www.thrifty.fr\/blog\/evenement\/\"]}]},{\"@type\":\"BreadcrumbList\",\"@id\":\"https:\/\/www.thrifty.fr\/blog\/evenement\/#breadcrumb\",\"itemListElement\":[{\"@type\":\"ListItem\",\"position\":1,\"name\":\"Blog\",\"item\":\"https:\/\/www.thrifty.fr\/blog\/\"},{\"@type\":\"ListItem\",\"position\":2,\"name\":\"\u00c9v\u00e9nements\"}]},{\"@type\":\"WebSite\",\"@id\":\"https:\/\/www.thrifty.fr\/blog\/#website\",\"url\":\"https:\/\/www.thrifty.fr\/blog\/\",\"name\":\"Thrifty FR\",\"description\":\"Thrifty FR\",\"publisher\":{\"@id\":\"https:\/\/www.thrifty.fr\/blog\/#organization\"},\"potentialAction\":[{\"@type\":\"SearchAction\",\"target\":{\"@type\":\"EntryPoint\",\"urlTemplate\":\"https:\/\/www.thrifty.fr\/blog\/?s={search_term_string}\"},\"query-input\":\"required name=search_term_string\"}],\"inLanguage\":\"en-US\"},{\"@type\":\"Organization\",\"@id\":\"https:\/\/www.thrifty.fr\/blog\/#organization\",\"name\":\"Thrifty FR\",\"url\":\"https:\/\/www.thrifty.fr\/blog\/\",\"logo\":{\"@type\":\"ImageObject\",\"inLanguage\":\"en-US\",\"@id\":\"https:\/\/www.thrifty.fr\/blog\/#\/schema\/logo\/image\/\",\"url\":\"https:\/\/www.thrifty.fr\/blog\/wp-content\/uploads\/sites\/11\/2024\/08\/thrifty-white-logo.svg\",\"contentUrl\":\"https:\/\/www.thrifty.fr\/blog\/wp-content\/uploads\/sites\/11\/2024\/08\/thrifty-white-logo.svg\",\"width\":100,\"height\":40,\"caption\":\"Thrifty FR\"},\"image\":{\"@id\":\"https:\/\/www.thrifty.fr\/blog\/#\/schema\/logo\/image\/\"}}]}<\/script>\n<!-- \/ Yoast SEO plugin. -->","yoast_head_json":{"title":"Thrifty Car Rental - Voiture pour \u00e9v\u00e9nements en france","description":"Faites le choix de la location de voiture avec Thrifty Car Rental pour assister aux grands \u00e9v\u00e9nements du mois de ??? en France en cette ann\u00e9e des Jeux olympiques \u00e0 Paris.","robots":{"index":"index","follow":"follow","max-snippet":"max-snippet:-1","max-image-preview":"max-image-preview:large","max-video-preview":"max-video-preview:-1"},"canonical":"https:\/\/www.thrifty.fr\/blog\/evenement\/","og_locale":"fr_FR","og_type":"article","og_title":"Thrifty Car Rental - Voiture pour \u00e9v\u00e9nements en france","og_description":"Faites le choix de la location de voiture avec Thrifty Car Rental pour assister aux grands \u00e9v\u00e9nements du mois de ??? en France en cette ann\u00e9e des Jeux olympiques \u00e0 Paris.","og_url":"https:\/\/www.thrifty.fr\/blog\/evenement\/","og_site_name":"Thrifty FR","article_modified_time":"2024-10-16T08:49:25+00:00","twitter_card":"summary_large_image","schema":{"@context":"https:\/\/schema.org","@graph":[{"@type":"WebPage","@id":"https:\/\/www.thrifty.fr\/blog\/evenement\/","url":"https:\/\/www.thrifty.fr\/blog\/evenement\/","name":"Thrifty Car Rental - Voiture pour \u00e9v\u00e9nements en france","isPartOf":{"@id":"https:\/\/www.thrifty.fr\/blog\/#website"},"datePublished":"2024-08-09T09:48:44+00:00","dateModified":"2024-10-16T08:49:25+00:00","description":"Faites le choix de la location de voiture avec Thrifty Car Rental pour assister aux grands \u00e9v\u00e9nements du mois de ??? en France en cette ann\u00e9e des Jeux olympiques \u00e0 Paris.","breadcrumb":{"@id":"https:\/\/www.thrifty.fr\/blog\/evenement\/#breadcrumb"},"inLanguage":"en-US","potentialAction":[{"@type":"ReadAction","target":["https:\/\/www.thrifty.fr\/blog\/evenement\/"]}]},{"@type":"BreadcrumbList","@id":"https:\/\/www.thrifty.fr\/blog\/evenement\/#breadcrumb","itemListElement":[{"@type":"ListItem","position":1,"name":"Blog","item":"https:\/\/www.thrifty.fr\/blog\/"},{"@type":"ListItem","position":2,"name":"\u00c9v\u00e9nements"}]},{"@type":"WebSite","@id":"https:\/\/www.thrifty.fr\/blog\/#website","url":"https:\/\/www.thrifty.fr\/blog\/","name":"Thrifty FR","description":"Thrifty FR","publisher":{"@id":"https:\/\/www.thrifty.fr\/blog\/#organization"},"potentialAction":[{"@type":"SearchAction","target":{"@type":"EntryPoint","urlTemplate":"https:\/\/www.thrifty.fr\/blog\/?s={search_term_string}"},"query-input":"required name=search_term_string"}],"inLanguage":"en-US"},{"@type":"Organization","@id":"https:\/\/www.thrifty.fr\/blog\/#organization","name":"Thrifty FR","url":"https:\/\/www.thrifty.fr\/blog\/","logo":{"@type":"ImageObject","inLanguage":"en-US","@id":"https:\/\/www.thrifty.fr\/blog\/#\/schema\/logo\/image\/","url":"https:\/\/www.thrifty.fr\/blog\/wp-content\/uploads\/sites\/11\/2024\/08\/thrifty-white-logo.svg","contentUrl":"https:\/\/www.thrifty.fr\/blog\/wp-content\/uploads\/sites\/11\/2024\/08\/thrifty-white-logo.svg","width":100,"height":40,"caption":"Thrifty FR"},"image":{"@id":"https:\/\/www.thrifty.fr\/blog\/#\/schema\/logo\/image\/"}}]}},"acf":[],"_links":{"self":[{"href":"https:\/\/www.thrifty.fr\/blog\/wp-json\/wp\/v2\/pages\/60"}],"collection":[{"href":"https:\/\/www.thrifty.fr\/blog\/wp-json\/wp\/v2\/pages"}],"about":[{"href":"https:\/\/www.thrifty.fr\/blog\/wp-json\/wp\/v2\/types\/page"}],"author":[{"embeddable":true,"href":"https:\/\/www.thrifty.fr\/blog\/wp-json\/wp\/v2\/users\/3"}],"replies":[{"embeddable":true,"href":"https:\/\/www.thrifty.fr\/blog\/wp-json\/wp\/v2\/comments?post=60"}],"version-history":[{"count":6,"href":"https:\/\/www.thrifty.fr\/blog\/wp-json\/wp\/v2\/pages\/60\/revisions"}],"predecessor-version":[{"id":236,"href":"https:\/\/www.thrifty.fr\/blog\/wp-json\/wp\/v2\/pages\/60\/revisions\/236"}],"wp:attachment":[{"href":"https:\/\/www.thrifty.fr\/blog\/wp-json\/wp\/v2\/media?parent=60"}],"curies":[{"name":"wp","href":"https:\/\/api.w.org\/{rel}","templated":true}]}}